{"id":92,"date":"2012-11-07T09:32:08","date_gmt":"2012-11-07T13:32:08","guid":{"rendered":"http:\/\/mestradocomunicacao.draconis.ufms.br\/?page_id=92"},"modified":"2020-06-10T18:37:55","modified_gmt":"2020-06-10T22:37:55","slug":"internacional","status":"publish","type":"page","link":"https:\/\/ppgcom.ufms.br\/en\/internacional\/","title":{"rendered":"Internacional"},"content":{"rendered":"<h1 style=\"text-align: justify\">Coopera\u00e7\u00e3o Internacional<\/h1>\n<p style=\"text-align: justify\">O Mestrado em Comunica\u00e7\u00e3o da UFMS integra um projeto de Coopera\u00e7\u00e3o Internacional celebrado com o Laborat\u00f3rio de Audiovisual e Comunica\u00e7\u00e3o (LAICOM) da Universidade Aut\u00f4noma de Barcelona (UAB), coordenado pela Prf\u00aa. Dr\u00aa. Ruth Penha Alves Vianna (UFMS) e pelo Prof. Dr. Angel Rodriguez Bravo (UAB). A Coopera\u00e7\u00e3o promove o interc\u00e2mbio de professores, alunos e t\u00e9cnicos entre as duas institui\u00e7\u00f5es, al\u00e9m do desenvolvimento de projetos de pesquisa.<br \/>\nEm 2008, foi firmado o Projeto Cooperaci\u00f3n cient\u00edfica entre Espa\u00f1a e Brasil para el desarrollo de un protocolo de control de calidad de los contenidos audiovisuales (QC). O projeto, avalizado pela Capes e pelo DGU (Espanha) sob protocolo de n\u00famero 204\/09, visa o desenvolvimento de pesquisa, interc\u00e2mbio de docentes, discentes, t\u00e9cnicos, realiza\u00e7\u00e3o de est\u00e1gio p\u00f3s-doutoral, miss\u00f5es de trabalho, entre outras atividades. Trata-se do Projeto Quality Communication.<br \/>\nEm 2010, foi celebrado o conv\u00eanio de Coopera\u00e7\u00e3o T\u00e9cnica e Cient\u00edfica e Interuniversit\u00e1ria entre a Universidade Aut\u00f4noma de Barcelona (UAB &#8211; Espanha) e a Universidade Federal de Mato Grosso do Sul (UFMS). Assinado pela reitora C\u00e9lia Maria Oliveira (UFMS) e pela reitora da UAB, o conv\u00eanio refor\u00e7a a parceria no interc\u00e2mbio de professores, alunos e t\u00e9cnicos do curso de Jornalismo, na realiza\u00e7\u00e3o de miss\u00f5es de estudo, est\u00e1gio p\u00f3s-doutoral e doutorado sandu\u00edche. Prev\u00ea tamb\u00e9m a participa\u00e7\u00e3o conjunta de professores em cursos de p\u00f3s-gradua\u00e7\u00e3o em Comunica\u00e7\u00e3o Social\/Jornalismo.<br \/>\nPor conta dessas parcerias, professores doutores e um doutorando da UAB j\u00e1 desenvolveram miss\u00e3o de estudos na UFMS e professores doutores da UFMS j\u00e1 realizaram miss\u00f5es de estudo na UAB. Em 2009 e 2010 foram realizadas, na UFMS, a I e II Jornadas Internacionais sobre Investiga\u00e7\u00e3o e Desenvolvimento da Qualidade dos Conte\u00fados Audiovisuais Televisivos e do Jornalismo Brasil-Espanha e o I e II Cursos de Atualiza\u00e7\u00e3o Qualidade de Conte\u00fado da Comunica\u00e7\u00e3o Audiovisual e do Jornalismo, voltados aos profissionais dos meios de comunica\u00e7\u00e3o sul-mato-grossenses. Atualmente, dois professores da UFMS realizam p\u00f3s-doutorado e um realiza doutorado na UAB.<\/p>","protected":false},"excerpt":{"rendered":"<p>Coopera\u00e7\u00e3o Internacional O Mestrado em Comunica\u00e7\u00e3o da UFMS integra um projeto de Coopera\u00e7\u00e3o Internacional celebrado com o Laborat\u00f3rio de Audiovisual e Comunica\u00e7\u00e3o (LAICOM) da Universidade Aut\u00f4noma de Barcelona (UAB), coordenado pela Prf\u00aa. Dr\u00aa. Ruth Penha Alves Vianna (UFMS) e pelo Prof. Dr. Angel Rodriguez Bravo (UAB). A Coopera\u00e7\u00e3o promove o interc\u00e2mbio de professores, alunos e [&hellip;]<\/p>\n","protected":false},"author":27155,"featured_media":0,"parent":0,"menu_order":9,"comment_status":"closed","ping_status":"closed","template":"","meta":{"ngg_post_thumbnail":0,"footnotes":""},"coauthors":[],"class_list":["post-92","page","type-page","status-publish","hentry"],"_links":{"self":[{"href":"https:\/\/ppgcom.ufms.br\/en\/wp-json\/wp\/v2\/pages\/92","targetHints":{"allow":["GET"]}}],"collection":[{"href":"https:\/\/ppgcom.ufms.br\/en\/wp-json\/wp\/v2\/pages"}],"about":[{"href":"https:\/\/ppgcom.ufms.br\/en\/wp-json\/wp\/v2\/types\/page"}],"author":[{"embeddable":true,"href":"https:\/\/ppgcom.ufms.br\/en\/wp-json\/wp\/v2\/users\/27155"}],"replies":[{"embeddable":true,"href":"https:\/\/ppgcom.ufms.br\/en\/wp-json\/wp\/v2\/comments?post=92"}],"version-history":[{"count":20,"href":"https:\/\/ppgcom.ufms.br\/en\/wp-json\/wp\/v2\/pages\/92\/revisions"}],"predecessor-version":[{"id":3323,"href":"https:\/\/ppgcom.ufms.br\/en\/wp-json\/wp\/v2\/pages\/92\/revisions\/3323"}],"wp:attachment":[{"href":"https:\/\/ppgcom.ufms.br\/en\/wp-json\/wp\/v2\/media?parent=92"}],"wp:term":[{"taxonomy":"author","embeddable":true,"href":"https:\/\/ppgcom.ufms.br\/en\/wp-json\/wp\/v2\/coauthors?post=92"}],"curies":[{"name":"wp","href":"https:\/\/api.w.org\/{rel}","templated":true}]}}