{"id":885,"date":"2014-06-30T11:43:27","date_gmt":"2014-06-30T15:43:27","guid":{"rendered":"http:\/\/mestradocomunicacao.draconis.ufms.br\/?page_id=885"},"modified":"2014-06-30T11:43:27","modified_gmt":"2014-06-30T15:43:27","slug":"linguagem-audiovisual-e-documentario","status":"publish","type":"page","link":"https:\/\/ppgcom.ufms.br\/en\/linguagem-audiovisual-e-documentario\/","title":{"rendered":"Linguagem audiovisual e document\u00e1rio"},"content":{"rendered":"<p>Ementa:<\/p>\n<p style=\"text-align: justify\">A linguagem audiovisual, enquanto um sistema formado por elementos b\u00e1sico, organizados em diferentes n\u00edveis de complexidade, exerce sua a\u00e7\u00e3o sinest\u00e9sica no espectador, construindo sentido, sem que a consci\u00eancia perceba claramente os mecanismos de produ\u00e7\u00e3o de significado. Se historicamente j\u00e1 houve uma domestica\u00e7\u00e3o dos espectadores para o entendimento do discurso audiovisual, principalmente de natureza ficcional, no \u00e2mbito dos estudos de comunica\u00e7\u00e3o, faz-se necess\u00e1ria a compreens\u00e3o dos processos fisiol\u00f3gicos, psicol\u00f3gicos e de linguagem propriamente dita, que proporcionam a constru\u00e7\u00e3o do significado atrav\u00e9s da intera\u00e7\u00e3o entre imagens e sons. O document\u00e1rio (filme n\u00e3o-ficcional), como g\u00eanero audiovisual, utiliza essa linguagem para representar a realidade, todavia em fun\u00e7\u00e3o de suas caracter\u00edsticas h\u00e1 grande controv\u00e9rsia em torno do conceito de verdade. a an\u00e1lise da linguagem audiovisual em filmes document\u00e1rios permite a avalia\u00e7\u00e3o da coer\u00eancia entre o discurso audiovisual e a realidade representada.<\/p>\n","protected":false},"excerpt":{"rendered":"<p>Ementa: A linguagem audiovisual, enquanto um sistema formado por elementos b\u00e1sico, organizados em diferentes n\u00edveis de complexidade, exerce sua a\u00e7\u00e3o sinest\u00e9sica no espectador, construindo sentido, sem que a consci\u00eancia perceba claramente os mecanismos de produ\u00e7\u00e3o de significado. Se historicamente j\u00e1 houve uma domestica\u00e7\u00e3o dos espectadores para o entendimento do discurso audiovisual, principalmente de natureza ficcional, [&hellip;]<\/p>\n","protected":false},"author":27155,"featured_media":0,"parent":0,"menu_order":0,"comment_status":"closed","ping_status":"closed","template":"","meta":{"ngg_post_thumbnail":0,"footnotes":""},"coauthors":[],"class_list":["post-885","page","type-page","status-publish","hentry"],"_links":{"self":[{"href":"https:\/\/ppgcom.ufms.br\/en\/wp-json\/wp\/v2\/pages\/885","targetHints":{"allow":["GET"]}}],"collection":[{"href":"https:\/\/ppgcom.ufms.br\/en\/wp-json\/wp\/v2\/pages"}],"about":[{"href":"https:\/\/ppgcom.ufms.br\/en\/wp-json\/wp\/v2\/types\/page"}],"author":[{"embeddable":true,"href":"https:\/\/ppgcom.ufms.br\/en\/wp-json\/wp\/v2\/users\/27155"}],"replies":[{"embeddable":true,"href":"https:\/\/ppgcom.ufms.br\/en\/wp-json\/wp\/v2\/comments?post=885"}],"version-history":[{"count":1,"href":"https:\/\/ppgcom.ufms.br\/en\/wp-json\/wp\/v2\/pages\/885\/revisions"}],"predecessor-version":[{"id":886,"href":"https:\/\/ppgcom.ufms.br\/en\/wp-json\/wp\/v2\/pages\/885\/revisions\/886"}],"wp:attachment":[{"href":"https:\/\/ppgcom.ufms.br\/en\/wp-json\/wp\/v2\/media?parent=885"}],"wp:term":[{"taxonomy":"author","embeddable":true,"href":"https:\/\/ppgcom.ufms.br\/en\/wp-json\/wp\/v2\/coauthors?post=885"}],"curies":[{"name":"wp","href":"https:\/\/api.w.org\/{rel}","templated":true}]}}