{"id":2902,"date":"2019-11-25T14:59:52","date_gmt":"2019-11-25T18:59:52","guid":{"rendered":"https:\/\/ppgcom.ufms.br\/?page_id=2902"},"modified":"2026-03-23T09:30:05","modified_gmt":"2026-03-23T13:30:05","slug":"historico","status":"publish","type":"page","link":"https:\/\/ppgcom.ufms.br\/en\/historico\/","title":{"rendered":"(Portugu\u00eas do Brasil) Hist\u00f3rico e Contextualiza\u00e7\u00e3o"},"content":{"rendered":"<p class=\"qtranxs-available-languages-message qtranxs-available-languages-message-en\">Sorry, this entry is only available in <a href=\"https:\/\/ppgcom.ufms.br\/pb\/wp-json\/wp\/v2\/pages\/2902\" class=\"qtranxs-available-language-link qtranxs-available-language-link-pb\" title=\"Portugu\u00eas do Brasil\">Portugu\u00eas do Brasil<\/a>.<\/p>","protected":false},"excerpt":{"rendered":"<p>Sorry, this entry is only available in Portugu\u00eas do Brasil.<\/p>\n","protected":false},"author":1226,"featured_media":0,"parent":0,"menu_order":0,"comment_status":"closed","ping_status":"closed","template":"","meta":{"ngg_post_thumbnail":0,"footnotes":""},"coauthors":[119],"class_list":["post-2902","page","type-page","status-publish","hentry"],"_links":{"self":[{"href":"https:\/\/ppgcom.ufms.br\/en\/wp-json\/wp\/v2\/pages\/2902","targetHints":{"allow":["GET"]}}],"collection":[{"href":"https:\/\/ppgcom.ufms.br\/en\/wp-json\/wp\/v2\/pages"}],"about":[{"href":"https:\/\/ppgcom.ufms.br\/en\/wp-json\/wp\/v2\/types\/page"}],"author":[{"embeddable":true,"href":"https:\/\/ppgcom.ufms.br\/en\/wp-json\/wp\/v2\/users\/1226"}],"replies":[{"embeddable":true,"href":"https:\/\/ppgcom.ufms.br\/en\/wp-json\/wp\/v2\/comments?post=2902"}],"version-history":[{"count":5,"href":"https:\/\/ppgcom.ufms.br\/en\/wp-json\/wp\/v2\/pages\/2902\/revisions"}],"predecessor-version":[{"id":5604,"href":"https:\/\/ppgcom.ufms.br\/en\/wp-json\/wp\/v2\/pages\/2902\/revisions\/5604"}],"wp:attachment":[{"href":"https:\/\/ppgcom.ufms.br\/en\/wp-json\/wp\/v2\/media?parent=2902"}],"wp:term":[{"taxonomy":"author","embeddable":true,"href":"https:\/\/ppgcom.ufms.br\/en\/wp-json\/wp\/v2\/coauthors?post=2902"}],"curies":[{"name":"wp","href":"https:\/\/api.w.org\/{rel}","templated":true}]}}