{"id":239,"date":"2012-11-08T08:09:23","date_gmt":"2012-11-08T12:09:23","guid":{"rendered":"http:\/\/mestradocomunicacao.draconis.ufms.br\/?page_id=239"},"modified":"2012-11-26T10:49:02","modified_gmt":"2012-11-26T14:49:02","slug":"estudos-de-comunicacao-regional","status":"publish","type":"page","link":"https:\/\/ppgcom.ufms.br\/en\/estudos-de-comunicacao-regional\/","title":{"rendered":"Estudos de comunica\u00e7\u00e3o regional"},"content":{"rendered":"<p style=\"text-align: justify\"><strong>Ementa<\/strong><\/p>\n<p style=\"text-align: justify\">A partir da contextualiza\u00e7\u00e3o dos grandes jornais como meios de comunica\u00e7\u00e3o de massa e seus efeitos no consciente coletivo, a disciplina tem como objeto central o estudo da imprensa regional: sua hist\u00f3ria, a estrutura das empresas jornal\u00edstica, as caracter\u00edsticas do produto jornal, a linguagem, a interfer\u00eancia dos sistemas pol\u00edtico e econ\u00f4mico, o v\u00ednculo comunit\u00e1rio, seu discurso e influ\u00eancia no meio social. Estuda tamb\u00e9m o perfil do jornalista que atua neste segmento, sua postura \u00e9tica e responsabilidade social.<\/p>\n<p style=\"text-align: justify\"><strong>Bibliografia<\/strong><\/p>\n<p style=\"text-align: justify\">BUENO, Wilson da Costa. Caracteriza\u00e7\u00e3o de um objeto-modelo conceitual para a an\u00e1lise da<\/p>\n<p style=\"text-align: justify\">dicotomia imprensa industrial\/imprensa artesanal no Brasil. S\u00e3o Paulo, 1997. Disserta\u00e7\u00e3o de<\/p>\n<p style=\"text-align: justify\">Mestrado em Jornalismo, Universidade de S\u00e3o Paulo.<\/p>\n<p style=\"text-align: justify\">DORNELLES, Beatriz. Jornalismo comunit\u00e1rio em cidades do interior. Porto Alegre: Editora<\/p>\n<p style=\"text-align: justify\">Sagra Luzzatto, 2004.<\/p>\n<p style=\"text-align: justify\">GOMES, Wilson; MAIA, Rousiley C.M. Comunica\u00e7\u00e3o e Democracia. S\u00e3o Paulo: Paulus, 2008.<\/p>\n<p style=\"text-align: justify\">FADUL, Anamaria; GOBBI, Maria Cristina. (Orgs.). M\u00eddia e regi\u00e3o na era digital &#8211; diversidade cultural &amp; converg\u00eancia midi\u00e1tica. S\u00e3o Paulo: AC Arte &amp; Ci\u00eancia Editora, 2007.<\/p>\n<p style=\"text-align: justify\">FERNANDES, Maio Luiz. A for\u00e7a do jornal do interior. Itaja\u00ed: Univali, 2003.<\/p>\n<p style=\"text-align: justify\">______. A proximidade como crit\u00e9rio de noticiabilidade na not\u00edcia local. Florian\u00f3polis: Anais do III Encontro Nacional de Pesquisadores em Jornalismo, UFSC, 2005.<\/p>\n<p style=\"text-align: justify\">LERNER, Daniel. Comunica\u00e7\u00e3o e mudan\u00e7a nos pa\u00edses em desenvolvimento. S\u00e3o Paulo: Melhoramentos, 1973.<\/p>\n<p style=\"text-align: justify\">MELO, Jos\u00e9 Marques de; SOUSA, Cidoval Moraes de; GOBBI, Maria Cristina. Regionaliza\u00e7\u00e3o midi\u00e1tica: Estudos sobre Comunica\u00e7\u00e3o e Desenvolvimento Regional. Rio de Janeiro: Sotese, 2006.<\/p>\n<p style=\"text-align: justify\">MELO, Jos\u00e9 Marques de; et al. Comunica\u00e7\u00e3o, regi\u00e3o e desenvolvimento. Campo Grande: Ed. Uniderp, 2004.<\/p>\n<p style=\"text-align: justify\">MELO, Jos\u00e9 Marques de; PERUZZO, Cic\u00edlia; KUNSCH, Waldemar. M\u00eddia, Regionalismo e Cultura. S\u00e3o Bernardo do Campo\/Passo Fundo: UMESP\/UPF, 2003.<\/p>\n<p style=\"text-align: justify\">MEYER, Philip. Os jornais podem desaparecer? S\u00e3o Paulo: Contexto, 2007.<\/p>\n<p style=\"text-align: justify\">PERUZZO, Cic\u00edlia. M\u00eddia local, uma m\u00eddia de proximidade. In Comunica\u00e7\u00e3o Veredas: revista do programa de p\u00f3s-gradua\u00e7\u00e3o em comunica\u00e7\u00e3o. Marilia, n\u00ba 2, p. 65-89, novembro, 2003.<\/p>\n<p style=\"text-align: justify\">RAFAEL, Helder; GUIMAR\u00c3ES, Tatiane. Mapa dos jornais impressos no interior de Mato Grosso do Sul. Trabalho de Conclus\u00e3o de Curso de gradua\u00e7\u00e3o em Jornalismo pela Universidade Cat\u00f3lica Dom Bosco. Campo Grande, 2008.<\/p>\n<p style=\"text-align: justify\">REIS, Cl\u00f3vis (Org.). Realidade regional em comunica\u00e7\u00e3o. Blumenau: Edifurb, 2009.<\/p>\n<p style=\"text-align: justify\">STEINBERGER, Margarethe Born. Discursos geopol\u00edticos da m\u00eddia. S\u00e3o Paulo: Educ, 2005.<\/p>\n<p style=\"text-align: justify\">SODR\u00c9, N.W. A hist\u00f3ria da imprensa no Brasil. Rio de Janeiro: Mauad, 1999.<\/p>\n<p style=\"text-align: justify\">T\u00c9TU, J.F. ?A informa\u00e7\u00e3o local: espa\u00e7o p\u00fablico local e suas media\u00e7\u00f5es? in: MOILLAUD, M. &amp; PORTO, S.D. (orgs.) O jornal, da forma ao sentido. Bras\u00edlia: Paralelo 15, 1997, pp.431-448.<\/p>\n<p style=\"text-align: justify\">VIEIRA, Toni Andr\u00e9 Scharlau. Jornalismo no Interior ? Potencialidades \u00e9ticas e t\u00e9cnicas.<\/p>\n<p style=\"text-align: justify\">In: Intercom ? Sociedade Brasileira de Estudos Interdisciplinares da Comunica\u00e7\u00e3o XXV<\/p>\n<p style=\"text-align: justify\">Congresso Brasileiro de Ci\u00eancias da Comunica\u00e7\u00e3o &#8211; Salvador\/BA ? 1 a 5 Set 2002.<\/p>\n<p style=\"text-align: right\"><a title=\"M\u00eddia e representa\u00e7\u00e3o social\" href=\"http:\/\/mestradocomunicacao.draconis.ufms.br\/?page_id=247\">Pr\u00f3xima<\/a><\/p>\n","protected":false},"excerpt":{"rendered":"<p>Ementa A partir da contextualiza\u00e7\u00e3o dos grandes jornais como meios de comunica\u00e7\u00e3o de massa e seus efeitos no consciente coletivo, a disciplina tem como objeto central o estudo da imprensa regional: sua hist\u00f3ria, a estrutura das empresas jornal\u00edstica, as caracter\u00edsticas do produto jornal, a linguagem, a interfer\u00eancia dos sistemas pol\u00edtico e econ\u00f4mico, o v\u00ednculo comunit\u00e1rio, [&hellip;]<\/p>\n","protected":false},"author":27155,"featured_media":0,"parent":0,"menu_order":0,"comment_status":"closed","ping_status":"closed","template":"","meta":{"ngg_post_thumbnail":0,"footnotes":""},"coauthors":[],"class_list":["post-239","page","type-page","status-publish","hentry"],"_links":{"self":[{"href":"https:\/\/ppgcom.ufms.br\/en\/wp-json\/wp\/v2\/pages\/239","targetHints":{"allow":["GET"]}}],"collection":[{"href":"https:\/\/ppgcom.ufms.br\/en\/wp-json\/wp\/v2\/pages"}],"about":[{"href":"https:\/\/ppgcom.ufms.br\/en\/wp-json\/wp\/v2\/types\/page"}],"author":[{"embeddable":true,"href":"https:\/\/ppgcom.ufms.br\/en\/wp-json\/wp\/v2\/users\/27155"}],"replies":[{"embeddable":true,"href":"https:\/\/ppgcom.ufms.br\/en\/wp-json\/wp\/v2\/comments?post=239"}],"version-history":[{"count":5,"href":"https:\/\/ppgcom.ufms.br\/en\/wp-json\/wp\/v2\/pages\/239\/revisions"}],"predecessor-version":[{"id":319,"href":"https:\/\/ppgcom.ufms.br\/en\/wp-json\/wp\/v2\/pages\/239\/revisions\/319"}],"wp:attachment":[{"href":"https:\/\/ppgcom.ufms.br\/en\/wp-json\/wp\/v2\/media?parent=239"}],"wp:term":[{"taxonomy":"author","embeddable":true,"href":"https:\/\/ppgcom.ufms.br\/en\/wp-json\/wp\/v2\/coauthors?post=239"}],"curies":[{"name":"wp","href":"https:\/\/api.w.org\/{rel}","templated":true}]}}