{"id":230,"date":"2012-11-08T07:55:11","date_gmt":"2012-11-08T11:55:11","guid":{"rendered":"http:\/\/mestradocomunicacao.draconis.ufms.br\/?page_id=230"},"modified":"2012-11-26T10:48:39","modified_gmt":"2012-11-26T14:48:39","slug":"teorias-do-jornalismo","status":"publish","type":"page","link":"https:\/\/ppgcom.ufms.br\/en\/teorias-do-jornalismo\/","title":{"rendered":"Teorias do Jornalismo"},"content":{"rendered":"<p style=\"text-align: justify\"><strong>Ementa<\/strong><\/p>\n<p style=\"text-align: justify\">A disciplina estuda os fundamentos epistemol\u00f3gicos do jornalismo considerando a natureza social da informa\u00e7\u00e3o e os fatores pol\u00edticos, econ\u00f4micos e culturais como estruturantes da pr\u00e1tica e do discurso jornal\u00edstico. Analisa a origem e evolu\u00e7\u00e3o das teorias do Jornalismo, do pioneirismo de Peceur ao Newsmaking. Busca identificar como as estruturas operacionais, organizacionais, tecnol\u00f3gicas e a media\u00e7\u00e3o pessoal interv\u00eam no processo de produ\u00e7\u00e3o da not\u00edcia. Visa ainda compreender a atua\u00e7\u00e3o do jornalismo na constru\u00e7\u00e3o social realidade.<\/p>\n<p style=\"text-align: justify\"><strong>Bibliografia<\/strong><\/p>\n<p style=\"text-align: justify\">ALSINA, Miguel Rodrigo. La construci\u00f3n de la not\u00edcia. Barcelona: Paid\u00f3s, 1989.<\/p>\n<p style=\"text-align: justify\">BALZAC, Honor\u00e9 de. Os jornalistas. Ediouro, 1999.<\/p>\n<p style=\"text-align: justify\">BELTR\u00c3O, Luiz. Teoria e pr\u00e1tica do jornalismo. Mnia.<\/p>\n<p style=\"text-align: justify\">BERGER, Christa. Do jornalismo: toda not\u00edcia que couber, o leitor apreciar e o anunciante aprovar a gente publica. In Jornal: da forma ao sentido. (orgs. Mourice Mouillaud e S\u00e9rio Porto). Bras\u00edlia: UnB, Paralelo 15, p. 273-284.<\/p>\n<p style=\"text-align: justify\">BERGER, Christa; MAROCCO, Beatriz. (orgs.) A era glacial do jornalismo ? teorias sociais da imprensa. Porto Alegre: Sulina 2006.<\/p>\n<p style=\"text-align: justify\">BERGER, Peter L.; LUCKMANN, Thomas. A constru\u00e7\u00e3o social da realidade. Petr\u00f3polis: Vozes, 1999.<\/p>\n<p style=\"text-align: justify\">BOURDIEU, Pierre. Sobre a televis\u00e3o. Jorge Zahar Editor, 1997.<\/p>\n<p style=\"text-align: justify\">DEFLEUR, Melvin. Teorias da comunica\u00e7\u00e3o de massa. Rio de Janeiro: Jorge Zahar Editor, 1993.<\/p>\n<p style=\"text-align: justify\">FERNANDES, Mario Luiz. A proximidade como crit\u00e9rio de noticiabilidade na not\u00edcia local. Florian\u00f3polis: Anais do III Encontro Nacional de Pesquisadores em Jornalismo, UFSC, 2005.<\/p>\n<p style=\"text-align: justify\">FONTCUBIERTA, Mar de. La noticia: pistas para percibir el mundo. Barcelona: Paid\u00f3s, 1996.<\/p>\n<p style=\"text-align: justify\">GENRO FILHO, Adelmo. O segredo da pir\u00e2mide. Editora Ortiz, 1989.<\/p>\n<p style=\"text-align: justify\">GOMES, Mayra Rodrigues. Poder no jornalismo. S\u00e3o Paulo: Hacker Editores\/Edusp, 2003.<\/p>\n<p style=\"text-align: justify\">______. Jornalismo e filosofia da comunica\u00e7\u00e3o. Editora Escrituras, 2006.<\/p>\n<p style=\"text-align: justify\">GOMIS, Lorenzo. Teoria del Periodismo. Como se forma el presente. Barcelona: Paid\u00f3s, 1991.<\/p>\n<p style=\"text-align: justify\">KOVACH, Tom Rosenstiel. Os elementos do jornalismo. Editora Porto, 2006.<\/p>\n<p style=\"text-align: justify\">KUNCZIK, Michael. Conceitos de jornalismo. S\u00e3o Paulo: Edusp, 1997.<\/p>\n<p style=\"text-align: justify\">LIPPMANN, Walter. Opini\u00e3o P\u00fablica. Petr\u00f3polis: Vozes, 2008.<\/p>\n<p style=\"text-align: justify\">MARCONDES FILHO, Ciro. A saga dos c\u00e3es perdidos. S\u00e3o Paulo: Hacker Editores, 2001.<\/p>\n<p style=\"text-align: justify\">______. O capital da not\u00edcia, jornalismo como produ\u00e7\u00e3o social da segunda natureza. S\u00e3o Paulo: \u00c1tica, 1986.<\/p>\n<p style=\"text-align: justify\">MEDITSCH, Eduardo. O conhecimento do jornalismo. Editora: UFSC, 1992.<\/p>\n<p style=\"text-align: justify\">MELO, Jos\u00e9 Marques de. Teorias do jornalismo. S\u00e3o Paulo: Paulus, 2004.<\/p>\n<p style=\"text-align: justify\">MOTA, Luiz Gonzaga. Teoria da not\u00edcia: as rela\u00e7\u00f5es entre o real e simb\u00f3lico. In Jornal: da forma ao sentido. (Mourice Mouillaud e S\u00e9rio Porto. Orgs.). Bras\u00edlia: UnB, Paralelo 15, p. 273-284.<\/p>\n<p style=\"text-align: justify\">______. (org.) Imprensa e poder. Bras\u00edlia: UnB, 2002.<\/p>\n<p style=\"text-align: justify\">NEVEAU, Erik. Sociologia do jornalismo. Edi\u00e7\u00f5es Loyola, 2006.<\/p>\n<p style=\"text-align: justify\">PEUCER, Tobias. Os relatos jornal\u00edsticos. Estudos em Jornalismo e M\u00eddia V I n. 2, Florian\u00f3polis: Posjor UFSC\/Insular, 2004.<\/p>\n<p style=\"text-align: justify\">PENA, Felipe Pena. Teoria do jornalismo. S\u00e3o Paulo: Contexto, 2005.<\/p>\n<p style=\"text-align: justify\">PONTE, Cristina. Para entender as not\u00edcias. Florian\u00f3polis: Insular, 2005.<\/p>\n<p style=\"text-align: justify\">RAMONET, Ign\u00e1cio. A Tirania da Comunica\u00e7\u00e3o. Petr\u00f3polis: Vozes, 2004.<\/p>\n<p style=\"text-align: justify\">SOUSA, Jorge Pedro. Teorias da not\u00edcia e do jornalismo. Chapec\u00f3: Argos\/Letras Contempor\u00e2neas, 2002.<\/p>\n<p style=\"text-align: justify\">SOUSA, Jorge Pedro. Elementos do jornalismo impresso. Letras Contempor\u00e2neas, 2005.<\/p>\n<p style=\"text-align: justify\">TRAQUINA, Nelson. Teorias do jornalismo. Vols. I e II. Florian\u00f3polis: Insular, 2005.<\/p>\n<p style=\"text-align: justify\">______. O estudo do jornalismo no s\u00e9culo XX. S\u00e3o Leopoldo: Unisinos, 2003.<\/p>\n<p style=\"text-align: justify\">VAN DIJK, Teun. La not\u00edcia como discurso. Barcelona: Paid\u00f3s, 1990.<\/p>\n<p style=\"text-align: justify\">WOLF, Mauro. Teorias da comunica\u00e7\u00e3o. Lisboa: Editorial Presen\u00e7a, 1995.<\/p>\n<p style=\"text-align: justify\">WOLTON, Dominique. Pensar a Comunica\u00e7\u00e3o. Bras\u00edlia: Editora UnB, 2004.<\/p>\n<p style=\"text-align: right\"><a title=\"Geografia da m\u00eddia radiof\u00f4nica e regionalidade\" href=\"http:\/\/mestradocomunicacao.draconis.ufms.br\/?page_id=236\">Pr\u00f3xima<\/a><\/p>\n","protected":false},"excerpt":{"rendered":"<p>Ementa A disciplina estuda os fundamentos epistemol\u00f3gicos do jornalismo considerando a natureza social da informa\u00e7\u00e3o e os fatores pol\u00edticos, econ\u00f4micos e culturais como estruturantes da pr\u00e1tica e do discurso jornal\u00edstico. Analisa a origem e evolu\u00e7\u00e3o das teorias do Jornalismo, do pioneirismo de Peceur ao Newsmaking. Busca identificar como as estruturas operacionais, organizacionais, tecnol\u00f3gicas e a [&hellip;]<\/p>\n","protected":false},"author":27155,"featured_media":0,"parent":0,"menu_order":0,"comment_status":"closed","ping_status":"closed","template":"","meta":{"ngg_post_thumbnail":0,"footnotes":""},"coauthors":[],"class_list":["post-230","page","type-page","status-publish","hentry"],"_links":{"self":[{"href":"https:\/\/ppgcom.ufms.br\/en\/wp-json\/wp\/v2\/pages\/230","targetHints":{"allow":["GET"]}}],"collection":[{"href":"https:\/\/ppgcom.ufms.br\/en\/wp-json\/wp\/v2\/pages"}],"about":[{"href":"https:\/\/ppgcom.ufms.br\/en\/wp-json\/wp\/v2\/types\/page"}],"author":[{"embeddable":true,"href":"https:\/\/ppgcom.ufms.br\/en\/wp-json\/wp\/v2\/users\/27155"}],"replies":[{"embeddable":true,"href":"https:\/\/ppgcom.ufms.br\/en\/wp-json\/wp\/v2\/comments?post=230"}],"version-history":[{"count":5,"href":"https:\/\/ppgcom.ufms.br\/en\/wp-json\/wp\/v2\/pages\/230\/revisions"}],"predecessor-version":[{"id":318,"href":"https:\/\/ppgcom.ufms.br\/en\/wp-json\/wp\/v2\/pages\/230\/revisions\/318"}],"wp:attachment":[{"href":"https:\/\/ppgcom.ufms.br\/en\/wp-json\/wp\/v2\/media?parent=230"}],"wp:term":[{"taxonomy":"author","embeddable":true,"href":"https:\/\/ppgcom.ufms.br\/en\/wp-json\/wp\/v2\/coauthors?post=230"}],"curies":[{"name":"wp","href":"https:\/\/api.w.org\/{rel}","templated":true}]}}