{"id":1611,"date":"2018-03-08T16:30:58","date_gmt":"2018-03-08T20:30:58","guid":{"rendered":"https:\/\/mestradocomunicacao.ufms.br\/?page_id=1611"},"modified":"2021-04-09T17:11:01","modified_gmt":"2021-04-09T21:11:01","slug":"publicacoes","status":"publish","type":"page","link":"https:\/\/ppgcom.ufms.br\/en\/estante-virtual\/publicacoes\/","title":{"rendered":"Publica\u00e7\u00f5es"},"content":{"rendered":"<h3 style=\"text-align: center\"><strong>Publica\u00e7\u00f5es do Corpo Docente do PPGCOM-UFMS<\/strong><\/h3>\n<h1 class=\"main-title\">Livros<\/h1>\n<p><img loading=\"lazy\" decoding=\"async\" class=\"wp-image-1778 size-medium alignleft\" src=\"https:\/\/mestradocomunicacao.ufms.br\/files\/2018\/03\/Performance-em-Ciberjornalismo-222x300-222x300.jpeg\" alt=\"\" width=\"222\" height=\"300\" srcset=\"https:\/\/ppgcom.ufms.br\/files\/2018\/03\/Performance-em-Ciberjornalismo-222x300.jpeg 222w, https:\/\/ppgcom.ufms.br\/files\/2018\/03\/Performance-em-Ciberjornalismo-222x300-111x150.jpeg 111w\" sizes=\"(max-width: 222px) 100vw, 222px\" \/>MARTINS, Gerson Luiz; REINO, Lucas Santiago Arraes e BUENO, Tha\u00edsa (orgs.)<br \/>\n<strong>PERFORMANCE EM CIBERJORNALISMO<\/strong>. TECNOLOGIA, INOVA\u00c7\u00c3O E EFICI\u00caNCIA.<br \/>\nCampo Grande, Editora UFMS, 2017. 324p.<br \/>\nISBN 978-85-7613-561-6 (broch.)<br \/>\n<a href=\"http:\/\/www.ciberjor.ufms.br\/?attachment_id=1591\" target=\"_blank\" rel=\"noopener noreferrer\">Vers\u00e3o PDF para download<\/a><\/p>\n<p><strong>Resumo<\/strong>:<\/p>\n<p>O livro \u00e9 resultado das confer\u00eancias, palestras e dos trabalhos selecionados nos Grupos de Pesquisa do <a href=\"http:\/\/www.ciberjor.ufms.br\/ciberjor6\/\" target=\"_blank\" rel=\"noopener noreferrer\">6\u00ba Congresso Internacional de Ciberjornalismo<\/a>.\u00a0A obra se comp\u00f5e dos melhores textos do Congresso e das principais confer\u00eancias e est\u00e1 estruturado com os trabalhos de\u00a0<em>Jo\u00e3o Canavilhas<\/em>, Novos atores na reda\u00e7\u00e3o: como muda o jornalismo?; Performance em Ciberjornalismo: tecnologia, inova\u00e7\u00e3o e e ci\u00eancia de\u00a0<em>Rosental Calmon Alves<\/em>; O que \u00e9 jornalismo? Quem e o que o produz? Onde e quando acontece? de\u00a0<em>Alex Primo<\/em>; Ciberjornalismo no Brasil e o texto longform de\u00a0<em>Raquel Longhi<\/em>; Jornalismo no ambiente da computa\u00e7\u00e3o cognitiva de\u00a0<em>Walter Teixeira Lima<\/em>; O dono do texto: dilemas do jornalismo em plataformas digitais\u00a0de\u00a0<em>Juliano Maur\u00edcio de Carvalho<\/em>; Jornalismo guiado por dados\u00a0e cultura profissional de\u00a0<em>Marcelo Tr\u00e4sel<\/em>; Scraping e mem\u00f3ria digital: identificando as transforma\u00e7\u00f5es dos portais jornal\u00edsticos com base na coleta automatizada das suas vers\u00f5es de\u00a0<em>M\u00e1rcio Carneiro dos Santos<\/em>; Um panorama dos estudos cient\u00edficos sobre coment\u00e1rios de leitores de\u00a0<em>Tha\u00edsa Bueno<\/em>; A informa\u00e7\u00e3o jornal\u00edstica na ponta dos dedos: o ciberjornalismo e a leitura touchscreen de\u00a0<em>Elton Tamiozzo de Oliveira<\/em>\u00a0e\u00a0<em>Gerson Luiz Martins<\/em>; Trajet\u00f3ria do ciberjornalismo em Mato Grosso do Sul de\u00a0<em>Fernanda Fran\u00e7a Fortuna<\/em>; A rastreabilidade como caracter\u00edstica do ciberjornalismo de\u00a0<em>Lucas Santiago Arraes Reino<\/em>; Investiga\u00e7\u00f5es e Experimenta\u00e7\u00f5es em Sofwares\u00a0para Gest\u00e3o de M\u00eddia no Dom\u00ednio do Jornalismo:\u00a0Relato Sobre Interfaces de Programa\u00e7\u00e3o de Aplica\u00e7\u00f5es de\u00a0<em>Rodrigo Eduardo Botelho-Francisco<\/em>\u00a0e\u00a0<em>Alex Fernando Orlando<\/em>; Drones, sensores, tecnologia vest\u00edvel: o efeito colateral das novas ferramentas para jornalistas de\u00a0<em>Alfredo Jos\u00e9 Lopes Costa, Gibran Lu\u00eds Lachowski e Konrad Felipe Hencke;<\/em>\u00a0Os jornalistas frente ao Marco Civil da Internet de\u00a0<em>Igor Gomes Duarte Gomide dos Santos<\/em>; Converg\u00eancia e inova\u00e7\u00e3o jornal\u00edstica em revistas para tablet: uma proposta de categorias de an\u00e1lise de\u00a0<em>Adalton dos Anjos Fonseca<\/em>; As possibilidades interativas do HTML5 no jornalismo on-line de\u00a0<em>Eduardo Fernando Uliana Barboza e Ana Carolina de Ara\u00fajo Silva<\/em>\u00a0e Forma\u00e7\u00e3o de profissionais e pesquisadores em Ciberjornalismo de Gerson Luiz Mello Martins.","protected":false},"excerpt":{"rendered":"<p>Publica\u00e7\u00f5es do Corpo Docente do PPGCOM-UFMS Livros MARTINS, Gerson Luiz; REINO, Lucas Santiago Arraes e BUENO, Tha\u00edsa (orgs.) PERFORMANCE EM CIBERJORNALISMO. TECNOLOGIA, INOVA\u00c7\u00c3O E EFICI\u00caNCIA. Campo Grande, Editora UFMS, 2017. 324p. ISBN 978-85-7613-561-6 (broch.) Vers\u00e3o PDF para download Resumo: O livro \u00e9 resultado das confer\u00eancias, palestras e dos trabalhos selecionados nos Grupos de Pesquisa do [&hellip;]<\/p>\n","protected":false},"author":1226,"featured_media":0,"parent":459,"menu_order":0,"comment_status":"closed","ping_status":"closed","template":"","meta":{"ngg_post_thumbnail":0,"footnotes":""},"coauthors":[],"class_list":["post-1611","page","type-page","status-publish","hentry"],"_links":{"self":[{"href":"https:\/\/ppgcom.ufms.br\/en\/wp-json\/wp\/v2\/pages\/1611","targetHints":{"allow":["GET"]}}],"collection":[{"href":"https:\/\/ppgcom.ufms.br\/en\/wp-json\/wp\/v2\/pages"}],"about":[{"href":"https:\/\/ppgcom.ufms.br\/en\/wp-json\/wp\/v2\/types\/page"}],"author":[{"embeddable":true,"href":"https:\/\/ppgcom.ufms.br\/en\/wp-json\/wp\/v2\/users\/1226"}],"replies":[{"embeddable":true,"href":"https:\/\/ppgcom.ufms.br\/en\/wp-json\/wp\/v2\/comments?post=1611"}],"version-history":[{"count":30,"href":"https:\/\/ppgcom.ufms.br\/en\/wp-json\/wp\/v2\/pages\/1611\/revisions"}],"predecessor-version":[{"id":3712,"href":"https:\/\/ppgcom.ufms.br\/en\/wp-json\/wp\/v2\/pages\/1611\/revisions\/3712"}],"up":[{"embeddable":true,"href":"https:\/\/ppgcom.ufms.br\/en\/wp-json\/wp\/v2\/pages\/459"}],"wp:attachment":[{"href":"https:\/\/ppgcom.ufms.br\/en\/wp-json\/wp\/v2\/media?parent=1611"}],"wp:term":[{"taxonomy":"author","embeddable":true,"href":"https:\/\/ppgcom.ufms.br\/en\/wp-json\/wp\/v2\/coauthors?post=1611"}],"curies":[{"name":"wp","href":"https:\/\/api.w.org\/{rel}","templated":true}]}}