{"id":141,"date":"2012-11-07T10:42:57","date_gmt":"2012-11-07T14:42:57","guid":{"rendered":"http:\/\/mestradocomunicacao.draconis.ufms.br\/?page_id=141"},"modified":"2021-01-04T17:25:28","modified_gmt":"2021-01-04T21:25:28","slug":"disciplinas","status":"publish","type":"page","link":"https:\/\/ppgcom.ufms.br\/en\/disciplinas\/","title":{"rendered":"Disciplinas"},"content":{"rendered":"<a href=\"http:\/\/posgraduacao.ufms.br\/portal\/disciplinas\/index\/151\" target=\"_blank\" rel=\"noopener noreferrer\">Clique aqui para visualizar a\u00a0Estrutura Curricular\u00a0do curso<\/a><\/p>\n<p><a href=\"https:\/\/posgraduacao.ufms.br\/portal\/ofertas\/index\/151\" target=\"_blank\" rel=\"noopener noreferrer\">Disciplinas 2018.2<\/a><\/p>\n<p><a href=\"https:\/\/posgraduacao.ufms.br\/portal\/ofertas\/index\/151\/1816\" target=\"_blank\" rel=\"noopener noreferrer\">Disciplinas 2018.1<\/a><\/p>\n<p><a href=\"https:\/\/mestradocomunicacao.ufms.br\/files\/2018\/06\/Resolu\u00e7\u00e3o-n.-41-Lista-de-Oferta-2018.2.pdf\" target=\"_blank\" rel=\"noopener noreferrer\">Resolu\u00e7\u00e3o n. 41 &#8211; Lista de Oferta 2018.2<\/a><\/p>\n<p><a href=\"http:\/\/mestradocomunicacao.draconis.ufms.br\/files\/2017\/12\/Resolu\u00e7\u00e3o-n.-113-Lista-de-Oferta-2018.1.pdf\" target=\"_blank\" rel=\"noopener noreferrer\">Resolu\u00e7\u00e3o n. 113- Lista de Oferta 2018.1<\/a><\/p>\n<p>&nbsp;","protected":false},"excerpt":{"rendered":"<p>Clique aqui para visualizar a\u00a0Estrutura Curricular\u00a0do curso Disciplinas 2018.2 Disciplinas 2018.1 Resolu\u00e7\u00e3o n. 41 &#8211; Lista de Oferta 2018.2 Resolu\u00e7\u00e3o n. 113- Lista de Oferta 2018.1 &nbsp;<\/p>\n","protected":false},"author":27155,"featured_media":0,"parent":0,"menu_order":3,"comment_status":"closed","ping_status":"closed","template":"","meta":{"ngg_post_thumbnail":0,"footnotes":""},"coauthors":[],"class_list":["post-141","page","type-page","status-publish","hentry"],"_links":{"self":[{"href":"https:\/\/ppgcom.ufms.br\/en\/wp-json\/wp\/v2\/pages\/141","targetHints":{"allow":["GET"]}}],"collection":[{"href":"https:\/\/ppgcom.ufms.br\/en\/wp-json\/wp\/v2\/pages"}],"about":[{"href":"https:\/\/ppgcom.ufms.br\/en\/wp-json\/wp\/v2\/types\/page"}],"author":[{"embeddable":true,"href":"https:\/\/ppgcom.ufms.br\/en\/wp-json\/wp\/v2\/users\/27155"}],"replies":[{"embeddable":true,"href":"https:\/\/ppgcom.ufms.br\/en\/wp-json\/wp\/v2\/comments?post=141"}],"version-history":[{"count":43,"href":"https:\/\/ppgcom.ufms.br\/en\/wp-json\/wp\/v2\/pages\/141\/revisions"}],"predecessor-version":[{"id":3552,"href":"https:\/\/ppgcom.ufms.br\/en\/wp-json\/wp\/v2\/pages\/141\/revisions\/3552"}],"wp:attachment":[{"href":"https:\/\/ppgcom.ufms.br\/en\/wp-json\/wp\/v2\/media?parent=141"}],"wp:term":[{"taxonomy":"author","embeddable":true,"href":"https:\/\/ppgcom.ufms.br\/en\/wp-json\/wp\/v2\/coauthors?post=141"}],"curies":[{"name":"wp","href":"https:\/\/api.w.org\/{rel}","templated":true}]}}